{"id":141,"date":"2022-01-12T09:04:38","date_gmt":"2022-01-12T09:04:38","guid":{"rendered":"https:\/\/themetechmount.com\/wordpress\/a3trip\/?page_id=141"},"modified":"2022-09-06T10:57:56","modified_gmt":"2022-09-06T15:57:56","slug":"home-1","status":"publish","type":"page","link":"https:\/\/stpalenque.mx\/","title":{"rendered":"Principal"},"content":{"rendered":"\t\t<div data-elementor-type=\"wp-page\" data-elementor-id=\"141\" class=\"elementor elementor-141\">\n\t\t\t\t\t\t\t\t\t<div class=\"elementor-section elementor-top-section elementor-element elementor-element-51b32dff tm-elementor-bg-color-grey elementor-section-stretched tm-column-break-ipad-no tm-col-stretched-none elementor-section-boxed elementor-section-height-default elementor-section-height-default\" data-id=\"51b32dff\" data-element_type=\"section\" data-settings=\"{&quot;stretch_section&quot;:&quot;section-stretched&quot;}\">\n\t\t\t\t\t\t<div class=\"elementor-container elementor-column-gap-no\">\n\t\t\t\t\t<div class=\"elementor-column elementor-col-100 elementor-top-column elementor-element elementor-element-24bb15b8\" data-id=\"24bb15b8\" data-element_type=\"column\">\n\t\t\t<div class=\"elementor-widget-wrap\">\n\t\t\t\t\t\t\t\t\t<\/div>\n\t\t<\/div>\n\t\t\t\t\t\t\t<\/div>\n\t\t<\/div>\n\t\t\t\t<section class=\"elementor-section elementor-top-section elementor-element elementor-element-2db9e520 elementor-section-stretched tm-column-break-ipad-yes tm-col-stretched-none elementor-section-boxed elementor-section-height-default elementor-section-height-default\" data-id=\"2db9e520\" data-element_type=\"section\" data-settings=\"{&quot;stretch_section&quot;:&quot;section-stretched&quot;}\">\n\t\t\t\t\t\t<div class=\"elementor-container elementor-column-gap-no\">\n\t\t\t\t\t<div class=\"elementor-column elementor-col-50 elementor-top-column elementor-element elementor-element-6cc9321d\" data-id=\"6cc9321d\" data-element_type=\"column\">\n\t\t\t<div class=\"elementor-widget-wrap elementor-element-populated\">\n\t\t\t\t\t\t\t\t<div class=\"elementor-element elementor-element-24473b7b tm-align-left elementor-widget elementor-widget-tm_heading\" data-id=\"24473b7b\" data-element_type=\"widget\" data-widget_type=\"tm_heading.default\">\n\t\t\t\t<div class=\"elementor-widget-container\">\n\t\t\t<div class=\"tm-element-heading-content-wrapper left-align tm-reverse-heading-yes tm-seperator-none tm-content-with-desc tm-heading-style-vertical \"><div class=\"tm-content-header\"><h3 class=\"tm-element-subhead\">\n\t\t\t\tAqui comienza la aventura!\n\t\t\t<\/h3>\n\t\t<h2 class=\"tm-element-content-heading\">\n\t\t\t\tBienvenidos \n\t\t\t<\/h2>\n\t\t<\/div><div class=\"tm-element-content-desctxt\">Somos una Transportadora Tur\u00edstica desde el a\u00f1o 2001 con el mejor Servicio al mejor Precio, te damos la Bienvenida a Servicios Turisticos de Palenque<\/div><\/div>\t\t<\/div>\n\t\t\t\t<\/div>\n\t\t\t\t<div class=\"elementor-section elementor-inner-section elementor-element elementor-element-3adeae82 tm-heading-textstyle tm-column-break-ipad-no tm-col-stretched-none elementor-section-boxed elementor-section-height-default elementor-section-height-default\" data-id=\"3adeae82\" data-element_type=\"section\">\n\t\t\t\t\t\t<div class=\"elementor-container elementor-column-gap-default\">\n\t\t\t\t\t<div class=\"elementor-column elementor-col-50 elementor-inner-column elementor-element elementor-element-7e1ff0f3\" data-id=\"7e1ff0f3\" data-element_type=\"column\">\n\t\t\t<div class=\"elementor-widget-wrap elementor-element-populated\">\n\t\t\t\t\t\t\t\t<div class=\"elementor-element elementor-element-2f3b1453 tm-align-left elementor-widget elementor-widget-tm_heading\" data-id=\"2f3b1453\" data-element_type=\"widget\" data-widget_type=\"tm_heading.default\">\n\t\t\t\t<div class=\"elementor-widget-container\">\n\t\t\t<div class=\"tm-element-heading-content-wrapper left-align  tm-seperator-none tm-content-with-desc tm-heading-style-vertical \"><div class=\"tm-content-header\"><h2 class=\"tm-element-content-heading\">\n\t\t\t\tQuieres conocer Chiapas?\n\t\t\t<\/h2>\n\t\t<\/div><div class=\"tm-element-content-desctxt\">Somos tu mejor opci\u00f3n para conocer el maravilloso estado de Chiapas y el sureste mexicano<\/div><\/div>\t\t<\/div>\n\t\t\t\t<\/div>\n\t\t\t\t\t<\/div>\n\t\t<\/div>\n\t\t\t\t<div class=\"elementor-column elementor-col-50 elementor-inner-column elementor-element elementor-element-39d65d9d\" data-id=\"39d65d9d\" data-element_type=\"column\">\n\t\t\t<div class=\"elementor-widget-wrap elementor-element-populated\">\n\t\t\t\t\t\t\t\t<div class=\"elementor-element elementor-element-43c8fac0 tm-align-left elementor-widget elementor-widget-tm_heading\" data-id=\"43c8fac0\" data-element_type=\"widget\" data-widget_type=\"tm_heading.default\">\n\t\t\t\t<div class=\"elementor-widget-container\">\n\t\t\t<div class=\"tm-element-heading-content-wrapper left-align  tm-seperator-none tm-content-with-desc tm-heading-style-vertical \"><div class=\"tm-content-header\"><h2 class=\"tm-element-content-heading\">\n\t\t\t\tGu\u00edas certificados\n\t\t\t<\/h2>\n\t\t<\/div><div class=\"tm-element-content-desctxt\">Contamos con los mejores gu\u00edas certificados para mejorar tu experiencia<\/div><\/div>\t\t<\/div>\n\t\t\t\t<\/div>\n\t\t\t\t\t<\/div>\n\t\t<\/div>\n\t\t\t\t\t\t\t<\/div>\n\t\t<\/div>\n\t\t\t\t<div class=\"elementor-element elementor-element-46a69354 elementor-widget-divider--view-line elementor-widget elementor-widget-divider\" data-id=\"46a69354\" data-element_type=\"widget\" data-widget_type=\"divider.default\">\n\t\t\t\t<div class=\"elementor-widget-container\">\n\t\t\t<style>\/*! elementor - v3.8.0 - 30-10-2022 *\/\n.elementor-widget-divider{--divider-border-style:none;--divider-border-width:1px;--divider-color:#2c2c2c;--divider-icon-size:20px;--divider-element-spacing:10px;--divider-pattern-height:24px;--divider-pattern-size:20px;--divider-pattern-url:none;--divider-pattern-repeat:repeat-x}.elementor-widget-divider .elementor-divider{display:-webkit-box;display:-ms-flexbox;display:flex}.elementor-widget-divider .elementor-divider__text{font-size:15px;line-height:1;max-width:95%}.elementor-widget-divider .elementor-divider__element{margin:0 var(--divider-element-spacing);-ms-flex-negative:0;flex-shrink:0}.elementor-widget-divider .elementor-icon{font-size:var(--divider-icon-size)}.elementor-widget-divider .elementor-divider-separator{display:-webkit-box;display:-ms-flexbox;display:flex;margin:0;direction:ltr}.elementor-widget-divider--view-line_icon .elementor-divider-separator,.elementor-widget-divider--view-line_text .elementor-divider-separator{-webkit-box-align:center;-ms-flex-align:center;align-items:center}.elementor-widget-divider--view-line_icon .elementor-divider-separator:after,.elementor-widget-divider--view-line_icon .elementor-divider-separator:before,.elementor-widget-divider--view-line_text .elementor-divider-separator:after,.elementor-widget-divider--view-line_text .elementor-divider-separator:before{display:block;content:\"\";border-bottom:0;-webkit-box-flex:1;-ms-flex-positive:1;flex-grow:1;border-top:var(--divider-border-width) var(--divider-border-style) var(--divider-color)}.elementor-widget-divider--element-align-left .elementor-divider .elementor-divider-separator>.elementor-divider__svg:first-of-type{-webkit-box-flex:0;-ms-flex-positive:0;flex-grow:0;-ms-flex-negative:100;flex-shrink:100}.elementor-widget-divider--element-align-left .elementor-divider-separator:before{content:none}.elementor-widget-divider--element-align-left .elementor-divider__element{margin-left:0}.elementor-widget-divider--element-align-right .elementor-divider .elementor-divider-separator>.elementor-divider__svg:last-of-type{-webkit-box-flex:0;-ms-flex-positive:0;flex-grow:0;-ms-flex-negative:100;flex-shrink:100}.elementor-widget-divider--element-align-right .elementor-divider-separator:after{content:none}.elementor-widget-divider--element-align-right .elementor-divider__element{margin-right:0}.elementor-widget-divider:not(.elementor-widget-divider--view-line_text):not(.elementor-widget-divider--view-line_icon) .elementor-divider-separator{border-top:var(--divider-border-width) var(--divider-border-style) var(--divider-color)}.elementor-widget-divider--separator-type-pattern{--divider-border-style:none}.elementor-widget-divider--separator-type-pattern.elementor-widget-divider--view-line .elementor-divider-separator,.elementor-widget-divider--separator-type-pattern:not(.elementor-widget-divider--view-line) .elementor-divider-separator:after,.elementor-widget-divider--separator-type-pattern:not(.elementor-widget-divider--view-line) .elementor-divider-separator:before,.elementor-widget-divider--separator-type-pattern:not([class*=elementor-widget-divider--view]) .elementor-divider-separator{width:100%;min-height:var(--divider-pattern-height);-webkit-mask-size:var(--divider-pattern-size) 100%;mask-size:var(--divider-pattern-size) 100%;-webkit-mask-repeat:var(--divider-pattern-repeat);mask-repeat:var(--divider-pattern-repeat);background-color:var(--divider-color);-webkit-mask-image:var(--divider-pattern-url);mask-image:var(--divider-pattern-url)}.elementor-widget-divider--no-spacing{--divider-pattern-size:auto}.elementor-widget-divider--bg-round{--divider-pattern-repeat:round}.rtl .elementor-widget-divider .elementor-divider__text{direction:rtl}.e-con-inner>.elementor-widget-divider,.e-con>.elementor-widget-divider{width:var(--container-widget-width,100%)}<\/style>\t\t<div class=\"elementor-divider\">\n\t\t\t<span class=\"elementor-divider-separator\">\n\t\t\t\t\t\t<\/span>\n\t\t<\/div>\n\t\t\t\t<\/div>\n\t\t\t\t<\/div>\n\t\t\t\t<div class=\"elementor-element elementor-element-366c4d1d elementor-position-left elementor-view-default elementor-mobile-position-top elementor-vertical-align-top elementor-widget elementor-widget-icon-box\" data-id=\"366c4d1d\" data-element_type=\"widget\" data-widget_type=\"icon-box.default\">\n\t\t\t\t<div class=\"elementor-widget-container\">\n\t\t\t<link rel=\"stylesheet\" href=\"https:\/\/stpalenque.mx\/wp-content\/plugins\/elementor\/assets\/css\/widget-icon-box.min.css\">\t\t<div class=\"elementor-icon-box-wrapper\">\n\t\t\t\t\t\t<div class=\"elementor-icon-box-icon\">\n\t\t\t\t<span class=\"elementor-icon elementor-animation-\" >\n\t\t\t\t<i aria-hidden=\"true\" class=\"kw_a3trip flaticon-around-the-world\"><\/i>\t\t\t\t<\/span>\n\t\t\t<\/div>\n\t\t\t\t\t\t<div class=\"elementor-icon-box-content\">\n\t\t\t\t<h3 class=\"elementor-icon-box-title\">\n\t\t\t\t\t<span  >\n\t\t\t\t\t\tContamos con <span class =\"tm-skincolor\">20+ a\u00f1os<\/span> de experiencia brindando tours y paquetes turisticos de excelencia\t\t\t\t\t<\/span>\n\t\t\t\t<\/h3>\n\t\t\t\t\t\t\t<\/div>\n\t\t<\/div>\n\t\t\t\t<\/div>\n\t\t\t\t<\/div>\n\t\t\t\t\t<\/div>\n\t\t<\/div>\n\t\t\t\t<div class=\"elementor-column elementor-col-50 elementor-top-column elementor-element elementor-element-21dea009\" data-id=\"21dea009\" data-element_type=\"column\">\n\t\t\t<div class=\"elementor-widget-wrap elementor-element-populated\">\n\t\t\t\t\t\t\t\t<div class=\"elementor-element elementor-element-1cb3bafb elementor-widget elementor-widget-tm_imagebox_element\" data-id=\"1cb3bafb\" data-element_type=\"widget\" data-widget_type=\"tm_imagebox_element.default\">\n\t\t\t\t<div class=\"elementor-widget-container\">\n\t\t\t<div class=\"tm-single-image-wrapper imagestyle-three wpb_single_image vc_align_right \">\n<div class=\"tm-single-image-inner\">\n\t<img decoding=\"async\" src=\"https:\/\/stpalenque.mx\/wp-content\/uploads\/2022\/06\/za-palenque.jpg\" class=\"tm-single-image-img\" alt=\"Image\" \/><\/div>\n<\/div>\n\n\n\t\t<\/div>\n\t\t\t\t<\/div>\n\t\t\t\t\t<\/div>\n\t\t<\/div>\n\t\t\t\t\t\t\t<\/div>\n\t\t<\/section>\n\t\t\t\t<section class=\"elementor-section elementor-top-section elementor-element elementor-element-ce67603 tm-column-break-ipad-no tm-col-stretched-none elementor-section-boxed elementor-section-height-default elementor-section-height-default\" data-id=\"ce67603\" data-element_type=\"section\">\n\t\t\t\t\t\t<div class=\"elementor-container elementor-column-gap-default\">\n\t\t\t\t\t<div class=\"elementor-column elementor-col-100 elementor-top-column elementor-element elementor-element-bdb90fe\" data-id=\"bdb90fe\" data-element_type=\"column\">\n\t\t\t<div class=\"elementor-widget-wrap elementor-element-populated\">\n\t\t\t\t\t\t\t\t<div class=\"elementor-element elementor-element-99b201c elementor-widget elementor-widget-heading\" data-id=\"99b201c\" data-element_type=\"widget\" data-widget_type=\"heading.default\">\n\t\t\t\t<div class=\"elementor-widget-container\">\n\t\t\t<style>\/*! elementor - v3.8.0 - 30-10-2022 *\/\n.elementor-heading-title{padding:0;margin:0;line-height:1}.elementor-widget-heading .elementor-heading-title[class*=elementor-size-]>a{color:inherit;font-size:inherit;line-height:inherit}.elementor-widget-heading .elementor-heading-title.elementor-size-small{font-size:15px}.elementor-widget-heading .elementor-heading-title.elementor-size-medium{font-size:19px}.elementor-widget-heading .elementor-heading-title.elementor-size-large{font-size:29px}.elementor-widget-heading .elementor-heading-title.elementor-size-xl{font-size:39px}.elementor-widget-heading .elementor-heading-title.elementor-size-xxl{font-size:59px}<\/style><h2 class=\"elementor-heading-title elementor-size-default\">Promoci\u00f3n de temporada!<\/h2>\t\t<\/div>\n\t\t\t\t<\/div>\n\t\t\t\t<div class=\"elementor-element elementor-element-cef2877 elementor-widget elementor-widget-image\" data-id=\"cef2877\" data-element_type=\"widget\" data-widget_type=\"image.default\">\n\t\t\t\t<div class=\"elementor-widget-container\">\n\t\t\t<style>\/*! elementor - v3.8.0 - 30-10-2022 *\/\n.elementor-widget-image{text-align:center}.elementor-widget-image a{display:inline-block}.elementor-widget-image a img[src$=\".svg\"]{width:48px}.elementor-widget-image img{vertical-align:middle;display:inline-block}<\/style>\t\t\t\t\t\t\t\t\t\t\t\t<img loading=\"lazy\" decoding=\"async\" width=\"847\" height=\"507\" src=\"https:\/\/stpalenque.mx\/wp-content\/uploads\/2022\/09\/chiapas-magico-1024x613.jpg\" class=\"attachment-large size-large\" alt=\"\" srcset=\"https:\/\/stpalenque.mx\/wp-content\/uploads\/2022\/09\/chiapas-magico-1024x613.jpg 1024w, https:\/\/stpalenque.mx\/wp-content\/uploads\/2022\/09\/chiapas-magico-300x180.jpg 300w, https:\/\/stpalenque.mx\/wp-content\/uploads\/2022\/09\/chiapas-magico-768x460.jpg 768w, https:\/\/stpalenque.mx\/wp-content\/uploads\/2022\/09\/chiapas-magico.jpg 1079w\" sizes=\"auto, (max-width: 847px) 100vw, 847px\" data-id=\"6621\" \/>\t\t\t\t\t\t\t\t\t\t\t\t\t\t\t<\/div>\n\t\t\t\t<\/div>\n\t\t\t\t\t<\/div>\n\t\t<\/div>\n\t\t\t\t\t\t\t<\/div>\n\t\t<\/section>\n\t\t\t\t<section class=\"elementor-section elementor-top-section elementor-element elementor-element-719bc15d elementor-section-stretched tm-column-break-ipad-no tm-col-stretched-none elementor-section-boxed elementor-section-height-default elementor-section-height-default\" data-id=\"719bc15d\" data-element_type=\"section\" data-settings=\"{&quot;stretch_section&quot;:&quot;section-stretched&quot;,&quot;background_background&quot;:&quot;gradient&quot;}\">\n\t\t\t\t\t\t\t<div class=\"elementor-background-overlay\"><\/div>\n\t\t\t\t\t\t\t<div class=\"elementor-container elementor-column-gap-no\">\n\t\t\t\t\t<div class=\"elementor-column elementor-col-100 elementor-top-column elementor-element elementor-element-49c2ba30\" data-id=\"49c2ba30\" data-element_type=\"column\">\n\t\t\t<div class=\"elementor-widget-wrap elementor-element-populated\">\n\t\t\t\t\t\t\t\t<div class=\"elementor-element elementor-element-5e391fa7 tm-align-center bottom-image-blog-style elementor-widget elementor-widget-tm_BApost_element\" data-id=\"5e391fa7\" data-element_type=\"widget\" data-widget_type=\"tm_BApost_element.default\">\n\t\t\t\t<div class=\"elementor-widget-container\">\n\t\t\t<div class=\"themetechmount-boxes themetechmount-boxes-BABE_Post_types::$booking_obj_post_type themetechmount-element-BABE_Post_types::$booking_obj_post_typebox-style-4 themetechmount-boxes-view-default themetechmount-boxes-col-three themetechmount-boxes-gap-30px\" data-tm-show=\"3\" data-tm-loop=\"1\" data-tm-autoplay=\"0\" data-tm-centermode=\"0\" data-tm-centerpadding=\"300\" data-tm-nav=\"\" data-tm-dots=\"\" data-tm-slidestoscroll=\"\" data-tm-autoplayspeed=\"4500\" data-tm-margin=\"30px\"><div class=\"themetechmount-boxes-inner\">\n\t\t\t<div class=\"themetechmount-box-heading-wrapper  \">\n\t\t\t\t<div class=\"tm-element-heading-content-wrapper center-align  tm-seperator-none  tm-heading-style-vertical \"><div class=\"tm-content-header\"><h2 class=\"tm-element-content-heading\">\n\t\t\t\tTours y paquetes\n\t\t\t<\/h2>\n\t\t<h4 class=\"tm-element-subhead\">\n\t\t\t\ttenemos para ti los mejores\n\t\t\t<\/h4>\n\t\t<\/div><\/div>\t\t\t\t\t\t\t<\/div>\n\n\t\t\t<div class=\"themetechmount-boxes-row-wrapper row multi-columns-row\">\n\n\t\t\t<div class=\"tm-box-col-wrapper   col-lg-4 col-sm-6 col-md-4 col-xs-12\"><article class=\"themetechmount-box themetechmount-tourbox themetechmount-tourbox-style4\">\n\t<div class=\"post-item\">\n\t\t\t\t<div class=\"post-image\">\n\n\t\t           \t\t\t\t    <a class=\"post-link\" href=\"https:\/\/stpalenque.mx\/index.php\/a_reservar\/tours-locales-servicio-compartido\/\">\n\t\t\t\t\t <div class=\"tm-featured-wrapper tm-to_book-featured-wrapper\"><a href=\"https:\/\/stpalenque.mx\/index.php\/a_reservar\/tours-locales-servicio-compartido\/\"><img loading=\"lazy\" decoding=\"async\" width=\"370\" height=\"259\" src=\"https:\/\/stpalenque.mx\/wp-content\/uploads\/2022\/06\/misolha-stp.jpg\" class=\"attachment-themetechmount-img-ba3 size-themetechmount-img-ba3 wp-post-image\" alt=\"\" srcset=\"https:\/\/stpalenque.mx\/wp-content\/uploads\/2022\/06\/misolha-stp.jpg 800w, https:\/\/stpalenque.mx\/wp-content\/uploads\/2022\/06\/misolha-stp-300x210.jpg 300w, https:\/\/stpalenque.mx\/wp-content\/uploads\/2022\/06\/misolha-stp-768x537.jpg 768w\" sizes=\"auto, (max-width: 370px) 100vw, 370px\" data-id=\"6425\" \/><\/a><\/div>\t\n\t\t\t\t    <\/a>\n\t\t\t\t    \n\t\t        \t\t\t      <div class=\"tm-tour-bottom1 tm-wrap\">\n\t\t\t\t\n\t\t\t\t<div class=\"tm-price-btn tm-wrap\">\t\n\t\t\t\t\t<div class=\"item_info_price tm-wrap-cell\">\n\t                    <label>From<\/label>\n\t                    <span class=\"item_info_price_new\"><span class=\"currency_amount\"><span class=\"currency_symbol\">&#036;<\/span>0.00<\/span><\/span>\n\t\t\t\t\t\t\t\t\t\t\t\t\t\t\t\t\t\n\t\t\t\t\t\t\n\t            <\/div>\t\t\t\n\t\t\t\t\t<div class=\"tm-tour-button tm-wrap-cell\">\n\t\t\t\t\t\t<a href=\"https:\/\/stpalenque.mx\/index.php\/a_reservar\/tours-locales-servicio-compartido\/\">Explore Now <i class=\"tm-a3trip-icon-right-thin\"><\/i><\/a>\n\t\t\t\t\t<\/div>\n\t\t\t\t<\/div>\n\t\t\t\n\t\t\t\t<\/div> \n\t\t        \t<div class=\"item_img\">\t\n\t\t\t\t\t<span class=\"item-label item-featured\">Featured<\/span>\t\t\t\n        \t\t<\/div>\n\t  \t        <\/div>\n\t\t\t<div class=\"tm-tourbox-content\">\n\t\t\t\t<div class=\"tm-metatitle\">\n        \t\t<div class=\"tm-userstar tm-wrap\">\n\t        \t\t<div class=\"meta-left tm-wrap-cell\">\n\t\t\t\t\t\t\t\t\t\t\t\t<\/div>\n\t\t\t\t\t<div class=\"themetechmount-ratting-star tm-wrap-cell\"><\/div>\n\t\t\t\t<\/div>\n        \t\t<div class=\"themetechmount-box-title\"><h4><a href=\"https:\/\/stpalenque.mx\/index.php\/a_reservar\/tours-locales-servicio-compartido\/\">Tours locales &#8211; Servicio compartido<\/a><\/h4><\/div>        \t<\/div>\n\t\t<\/div>\t\t\t\t\t\n\t\t \n\n\n\t\t\n\t<\/div>\n<\/article>\n\n<\/div><div class=\"tm-box-col-wrapper   col-lg-4 col-sm-6 col-md-4 col-xs-12\"><article class=\"themetechmount-box themetechmount-tourbox themetechmount-tourbox-style4\">\n\t<div class=\"post-item\">\n\t\t\t\t<div class=\"post-image\">\n\n\t\t           \t\t\t\t    <a class=\"post-link\" href=\"https:\/\/stpalenque.mx\/index.php\/a_reservar\/olmeca-maya-3-dias\/\">\n\t\t\t\t\t <div class=\"tm-featured-wrapper tm-to_book-featured-wrapper\"><a href=\"https:\/\/stpalenque.mx\/index.php\/a_reservar\/olmeca-maya-3-dias\/\"><img loading=\"lazy\" decoding=\"async\" width=\"370\" height=\"247\" src=\"https:\/\/stpalenque.mx\/wp-content\/uploads\/2022\/06\/olmeca-maya.jpg\" class=\"attachment-themetechmount-img-ba3 size-themetechmount-img-ba3 wp-post-image\" alt=\"\" srcset=\"https:\/\/stpalenque.mx\/wp-content\/uploads\/2022\/06\/olmeca-maya.jpg 1200w, https:\/\/stpalenque.mx\/wp-content\/uploads\/2022\/06\/olmeca-maya-300x200.jpg 300w, https:\/\/stpalenque.mx\/wp-content\/uploads\/2022\/06\/olmeca-maya-1024x683.jpg 1024w, https:\/\/stpalenque.mx\/wp-content\/uploads\/2022\/06\/olmeca-maya-768x512.jpg 768w\" sizes=\"auto, (max-width: 370px) 100vw, 370px\" data-id=\"6412\" \/><\/a><\/div>\t\n\t\t\t\t    <\/a>\n\t\t\t\t    \n\t\t        \t\t\t      <div class=\"tm-tour-bottom1 tm-wrap\">\n\t\t\t\t\n\t\t\t\t<div class=\"tm-price-btn tm-wrap\">\t\n\t\t\t\t\t<div class=\"item_info_price tm-wrap-cell\">\n\t                    <label>From<\/label>\n\t                    <span class=\"item_info_price_new\"><span class=\"currency_amount\"><span class=\"currency_symbol\">&#036;<\/span>0.00<\/span><\/span>\n\t\t\t\t\t\t\t\t\t\t\t\t\t\t\t\t\t\n\t\t\t\t\t\t\n\t            <\/div>\t\t\t\n\t\t\t\t\t<div class=\"tm-tour-button tm-wrap-cell\">\n\t\t\t\t\t\t<a href=\"https:\/\/stpalenque.mx\/index.php\/a_reservar\/olmeca-maya-3-dias\/\">Explore Now <i class=\"tm-a3trip-icon-right-thin\"><\/i><\/a>\n\t\t\t\t\t<\/div>\n\t\t\t\t<\/div>\n\t\t\t\n\t\t\t\t<\/div> \n\t\t        \t<div class=\"item_img\">\t\n\t\t\t\t\t<span class=\"item-label item-featured\">Featured<\/span>\t\t\t\n        \t\t<\/div>\n\t  \t        <\/div>\n\t\t\t<div class=\"tm-tourbox-content\">\n\t\t\t\t<div class=\"tm-metatitle\">\n        \t\t<div class=\"tm-userstar tm-wrap\">\n\t        \t\t<div class=\"meta-left tm-wrap-cell\">\n\t\t\t\t\t\t\t\t\t\t\t\t<\/div>\n\t\t\t\t\t<div class=\"themetechmount-ratting-star tm-wrap-cell\"><\/div>\n\t\t\t\t<\/div>\n        \t\t<div class=\"themetechmount-box-title\"><h4><a href=\"https:\/\/stpalenque.mx\/index.php\/a_reservar\/olmeca-maya-3-dias\/\">Olmeca &#8211; Maya 3 d\u00edas<\/a><\/h4><\/div>        \t<\/div>\n\t\t<\/div>\t\t\t\t\t\n\t\t \n\n\n\t\t\n\t<\/div>\n<\/article>\n\n<\/div><div class=\"tm-box-col-wrapper   col-lg-4 col-sm-6 col-md-4 col-xs-12\"><article class=\"themetechmount-box themetechmount-tourbox themetechmount-tourbox-style4\">\n\t<div class=\"post-item\">\n\t\t\t\t<div class=\"post-image\">\n\n\t\t           \t\t\t\t    <a class=\"post-link\" href=\"https:\/\/stpalenque.mx\/index.php\/a_reservar\/ruta-maya-ii\/\">\n\t\t\t\t\t <div class=\"tm-featured-wrapper tm-to_book-featured-wrapper\"><a href=\"https:\/\/stpalenque.mx\/index.php\/a_reservar\/ruta-maya-ii\/\"><img loading=\"lazy\" decoding=\"async\" width=\"370\" height=\"259\" src=\"https:\/\/stpalenque.mx\/wp-content\/uploads\/2022\/06\/uxmal-stp.jpg\" class=\"attachment-themetechmount-img-ba3 size-themetechmount-img-ba3 wp-post-image\" alt=\"\" srcset=\"https:\/\/stpalenque.mx\/wp-content\/uploads\/2022\/06\/uxmal-stp.jpg 800w, https:\/\/stpalenque.mx\/wp-content\/uploads\/2022\/06\/uxmal-stp-300x210.jpg 300w, https:\/\/stpalenque.mx\/wp-content\/uploads\/2022\/06\/uxmal-stp-768x539.jpg 768w\" sizes=\"auto, (max-width: 370px) 100vw, 370px\" data-id=\"6417\" \/><\/a><\/div>\t\n\t\t\t\t    <\/a>\n\t\t\t\t    \n\t\t        \t\t\t      <div class=\"tm-tour-bottom1 tm-wrap\">\n\t\t\t\t\n\t\t\t\t<div class=\"tm-price-btn tm-wrap\">\t\n\t\t\t\t\t<div class=\"item_info_price tm-wrap-cell\">\n\t                    <label>From<\/label>\n\t                    <span class=\"item_info_price_new\"><span class=\"currency_amount\"><span class=\"currency_symbol\">&#036;<\/span>0.00<\/span><\/span>\n\t\t\t\t\t\t\t\t\t\t\t\t\t\t\t\t\t\n\t\t\t\t\t\t\n\t            <\/div>\t\t\t\n\t\t\t\t\t<div class=\"tm-tour-button tm-wrap-cell\">\n\t\t\t\t\t\t<a href=\"https:\/\/stpalenque.mx\/index.php\/a_reservar\/ruta-maya-ii\/\">Explore Now <i class=\"tm-a3trip-icon-right-thin\"><\/i><\/a>\n\t\t\t\t\t<\/div>\n\t\t\t\t<\/div>\n\t\t\t\n\t\t\t\t<\/div> \n\t\t        \t<div class=\"item_img\">\t\n\t\t\t\t\t<span class=\"item-label item-featured\">Featured<\/span>\t\t\t\n        \t\t<\/div>\n\t  \t        <\/div>\n\t\t\t<div class=\"tm-tourbox-content\">\n\t\t\t\t<div class=\"tm-metatitle\">\n        \t\t<div class=\"tm-userstar tm-wrap\">\n\t        \t\t<div class=\"meta-left tm-wrap-cell\">\n\t\t\t\t\t\t\t\t\t\t\t\t<\/div>\n\t\t\t\t\t<div class=\"themetechmount-ratting-star tm-wrap-cell\"><\/div>\n\t\t\t\t<\/div>\n        \t\t<div class=\"themetechmount-box-title\"><h4><a href=\"https:\/\/stpalenque.mx\/index.php\/a_reservar\/ruta-maya-ii\/\">Ruta Maya II<\/a><\/h4><\/div>        \t<\/div>\n\t\t<\/div>\t\t\t\t\t\n\t\t \n\n\n\t\t\n\t<\/div>\n<\/article>\n\n<\/div>\n\t\t\t<\/div>\n\n\t\t\t<\/div><!-- .themetechmount-boxes-inner -->   <\/div><!-- .themetechmount-boxes -->  \t\t<\/div>\n\t\t\t\t<\/div>\n\t\t\t\t<div class=\"elementor-element elementor-element-33a7b47 elementor-align-right tm-btn-color-skincolor tm-btn-style-flat tm-btn-shape-square elementor-widget elementor-widget-button\" data-id=\"33a7b47\" data-element_type=\"widget\" data-widget_type=\"button.default\">\n\t\t\t\t<div class=\"elementor-widget-container\">\n\t\t\t\t\t<div class=\"elementor-button-wrapper\">\n\t\t\t<a href=\"index.php\/our-tour\/\" class=\"elementor-button-link elementor-button elementor-size-sm\" role=\"button\">\n\t\t\t\t\t\t<span class=\"elementor-button-content-wrapper\">\n\t\t\t\t\t\t<span class=\"elementor-button-text\">Ver todos los tours y paquetes<\/span>\n\t\t<\/span>\n\t\t\t\t\t<\/a>\n\t\t<\/div>\n\t\t\t\t<\/div>\n\t\t\t\t<\/div>\n\t\t\t\t\t<\/div>\n\t\t<\/div>\n\t\t\t\t\t\t\t<\/div>\n\t\t<\/section>\n\t\t\t\t\t\t\t<\/div>\n\t\t","protected":false},"excerpt":{"rendered":"<p>Aqui comienza la aventura! Bienvenidos Somos una Transportadora Tur\u00edstica desde el a\u00f1o 2001 con el mejor Servicio al mejor Precio, te damos la Bienvenida a Servicios Turisticos de Palenque Quieres conocer Chiapas? Somos tu mejor opci\u00f3n para conocer el maravilloso estado de Chiapas y el sureste mexicano Gu\u00edas certificados Contamos con los mejores gu\u00edas certificados &hellip; <a href=\"https:\/\/stpalenque.mx\/index.php\/a_reservar\/ruta-maya-ii\/\" class=\"more-link\">Continue reading <span class=\"screen-reader-text\">Ruta Maya II<\/span><\/a><\/p>\n","protected":false},"author":1,"featured_media":0,"parent":0,"menu_order":1,"comment_status":"closed","ping_status":"closed","template":"","meta":{"footnotes":""},"class_list":["post-141","page","type-page","status-publish","hentry"],"_links":{"self":[{"href":"https:\/\/stpalenque.mx\/index.php\/wp-json\/wp\/v2\/pages\/141","targetHints":{"allow":["GET"]}}],"collection":[{"href":"https:\/\/stpalenque.mx\/index.php\/wp-json\/wp\/v2\/pages"}],"about":[{"href":"https:\/\/stpalenque.mx\/index.php\/wp-json\/wp\/v2\/types\/page"}],"author":[{"embeddable":true,"href":"https:\/\/stpalenque.mx\/index.php\/wp-json\/wp\/v2\/users\/1"}],"replies":[{"embeddable":true,"href":"https:\/\/stpalenque.mx\/index.php\/wp-json\/wp\/v2\/comments?post=141"}],"version-history":[{"count":98,"href":"https:\/\/stpalenque.mx\/index.php\/wp-json\/wp\/v2\/pages\/141\/revisions"}],"predecessor-version":[{"id":6660,"href":"https:\/\/stpalenque.mx\/index.php\/wp-json\/wp\/v2\/pages\/141\/revisions\/6660"}],"wp:attachment":[{"href":"https:\/\/stpalenque.mx\/index.php\/wp-json\/wp\/v2\/media?parent=141"}],"curies":[{"name":"wp","href":"https:\/\/api.w.org\/{rel}","templated":true}]}}